{"id":147,"date":"2013-10-07T09:52:21","date_gmt":"2013-10-07T07:52:21","guid":{"rendered":"http:\/\/www.kramer-nsc.at\/cms\/?page_id=147"},"modified":"2018-05-25T07:36:40","modified_gmt":"2018-05-25T05:36:40","slug":"impressum","status":"publish","type":"page","link":"https:\/\/www.kramer-nsc.at\/?page_id=147","title":{"rendered":"Impressum &#038; Datenschutzerkl\u00e4rung"},"content":{"rendered":"<div class=\"Box Service\">\r\n<div class=\"BoxHeader Service\"><span class=\"BoxSpan\">IMPRESSUM<\/span><\/div>\r\n<div class=\"BoxContent \"><div class=\"impressum\">\r\n\r\n<span class=\"bold\">Kramer Nutzfahrzeug Service Center GmbH<\/span><br>\r\nK\u00e4rntner Stra\u00dfe 46<br>\r\nA-9586 F\u00fcrnitz<br><br>\r\n\r\nTel: +43 (0) 4257-29070<br>\r\nFax: +43 (0) 4257-29070-35<br><br>\r\n\r\n<span class=\"bold\">Name der Vertretungsberechtigten<\/span><br>\r\nGottfried Kramer, Diane Kramer<br><br>\r\n\r\n<span class=\"bold\">Registereintragung<\/span><br>\r\nKlagenfurt, FN 245535g<br><br>\r\n\r\n<span class=\"bold\">Umsatzsteuer-Identnummer<\/span><br>\r\nATU57795425<br><br>\r\n\r\n<a href=\"http:\/\/firmen.wko.at\/Web\/DetailsInfos.aspx?FirmaID=99123f1e-5198-4019-874e-cb2b013a71ec&#038;StandortID=2055&#038;StandortName=9811&#038;Branche=31646&#038;CategoryID=0&#038;Page=1\" target=\"_new\">\r\n<img decoding=\"async\" src=\"http:\/\/www.kramer-nsc.at\/wp-content\/themes\/kramer-nsc\/images\/wko.png\" border=\"0\" \/><\/a>\r\n<\/div>\r\n<\/div><\/div>","protected":false},"excerpt":{"rendered":"<p>IMPRESSUM Kramer Nutzfahrzeug Service Center GmbH K\u00e4rntner Stra\u00dfe 46 A-9586 F\u00fcrnitz Tel: +43 (0) 4257-29070 Fax: +43 (0) 4257-29070-35 Name der Vertretungsberechtigten Gottfried Kramer, Diane Kramer Registereintragung Klagenfurt, FN 245535g Umsatzsteuer-Identnummer ATU57795425<\/p>\n","protected":false},"author":1,"featured_media":0,"parent":0,"menu_order":0,"comment_status":"open","ping_status":"closed","template":"","meta":{"ngg_post_thumbnail":0,"footnotes":""},"class_list":["post-147","page","type-page","status-publish","hentry"],"_links":{"self":[{"href":"https:\/\/www.kramer-nsc.at\/index.php?rest_route=\/wp\/v2\/pages\/147","targetHints":{"allow":["GET"]}}],"collection":[{"href":"https:\/\/www.kramer-nsc.at\/index.php?rest_route=\/wp\/v2\/pages"}],"about":[{"href":"https:\/\/www.kramer-nsc.at\/index.php?rest_route=\/wp\/v2\/types\/page"}],"author":[{"embeddable":true,"href":"https:\/\/www.kramer-nsc.at\/index.php?rest_route=\/wp\/v2\/users\/1"}],"replies":[{"embeddable":true,"href":"https:\/\/www.kramer-nsc.at\/index.php?rest_route=%2Fwp%2Fv2%2Fcomments&post=147"}],"version-history":[{"count":8,"href":"https:\/\/www.kramer-nsc.at\/index.php?rest_route=\/wp\/v2\/pages\/147\/revisions"}],"predecessor-version":[{"id":330,"href":"https:\/\/www.kramer-nsc.at\/index.php?rest_route=\/wp\/v2\/pages\/147\/revisions\/330"}],"wp:attachment":[{"href":"https:\/\/www.kramer-nsc.at\/index.php?rest_route=%2Fwp%2Fv2%2Fmedia&parent=147"}],"curies":[{"name":"wp","href":"https:\/\/api.w.org\/{rel}","templated":true}]}}