{"id":20,"date":"2013-08-21T10:01:40","date_gmt":"2013-08-21T08:01:40","guid":{"rendered":"http:\/\/www.kramer-nsc.at\/cms\/?page_id=20"},"modified":"2013-10-03T15:49:30","modified_gmt":"2013-10-03T13:49:30","slug":"service","status":"publish","type":"page","link":"https:\/\/www.kramer-nsc.at\/?page_id=20","title":{"rendered":"SERVICE"},"content":{"rendered":"<div class=\"Box Service\">\r\n<div class=\"BoxHeader Service\"><span class=\"BoxSpan\">SERVICELEISTUNGEN<\/span><\/div>\r\n<div class=\"BoxContent\">\r\n<table border=\"0\">\r\n<tr  >\r\n<td width=\"220px\">\r\n<img decoding=\"async\" src=\"http:\/\/www.kramer-nsc.at\/wp-content\/uploads\/2013\/08\/iveco_motor.jpg\"\/>\r\n<\/td>\r\n<td width=\"340\" >\r\n<ul class=\"pfeil\"> \r\n <li>Allgemeine LKW bzw. BUS Reparaturen<\/li>\r\n   <li>Garantiearbeiten<\/li> \r\n   <li>Gesetzliche \u00dcberpr\u00fcfungen d nach \u00a757a und \u00a724a<\/li> \r\n<li>Interval\u00fcberpr\u00fcfungen<\/li>\r\n<li>Autoglas LKW<\/li>\r\n<li>Inspektionen aller Marken nach Herstellerangaben<\/li>\r\n<li>Bremsendienst<\/li>\r\n<li>\u00d6lservice nach Herstellerangaben<\/li>\r\n<li>Hauptuntersuchungen LKW\/BUS<\/li>\r\n<\/ul>\r\n\r\n\r\n<\/td>\r\n<td width=\"340\">\r\n\r\n<ul class=\"pfeil\"> \r\n<li>Abgasuntersuchungen LKW\/ BUS<\/li>\r\n<li>Tachopr\u00fcfung analog<\/li> \r\n<li>SP-Pr\u00fcfungen<\/li> \r\n<li>UVV-Pr\u00fcfungen<\/li>\r\n<li>Klimaservice und -instandsetzungen<\/li>\r\n<li>On-Bord-Diagnosen (EOBD)<\/li>\r\n<li>Unfallreparaturen<\/li>\r\n<li>Karosseriearbeiten<\/li>\r\n<li>Lackierarbeiten<\/li>\r\n<li>u.v.m. auf Anfrage<\/li>\r\n<\/ul>\r\n\r\n<\/td>\r\n<\/tr>\r\n\r\n<\/table>\r\n\r\n\r\n<\/div>\r\n<\/div>\r\n<div class=\"Box Service\">\r\n<div class=\"BoxHeader Service\"><span class=\"BoxSpan\">REPARATUREN<\/span><\/div>\r\n<div class=\"BoxContent \">\r\n<table border=\"0\">\r\n<tr  >\r\n<td width=\"220px\">\r\n<img decoding=\"async\" src=\"http:\/\/www.kramer-nsc.at\/wp-content\/uploads\/2013\/08\/reparaturen.jpg\" \/>\r\n<\/td>\r\n<td width=\"340\" >\r\n<ul class=\"pfeil\"> \r\n   <li>Kupplungen<\/li>\r\n   <li>Zylinderkopfdichtungen<\/li> \r\n   <li>Druckluftbremsanlagen<\/li> \r\n<li>Hydraulische Bremsanlagen<\/li>\r\n<li>Fahrwerken<\/li>\r\n<li>Starrachsen\/Einzelradaufh\u00e4ngungen<\/li>\r\n<li>Abgasanlagen<\/li>\r\n<li>Hydrauliksysteme<\/li>\r\n<li>Sto\u00dfd\u00e4mpfer<\/li>\r\n<li>Beleuchtungsanlagen<\/li>\r\n<li>Z\u00fcndanlagen<\/li>\r\n<li>Einspritzanlagen<\/li>\r\n<li>Luft- &#038; Blattfederungen<\/li>\r\n <li>Achswellen<\/li>\r\n<li>Gelenkwellen<\/li> \r\n<\/ul>\r\n\r\n\r\n<\/td>\r\n<td width=\"340\">\r\n\r\n<ul class=\"pfeil\"> \r\n \r\n<li>Hinterachsgetriebe<\/li> \r\n<li>FZG-Lenkungen<\/li>\r\n<li>Elektrische Anlagen<\/li>\r\n<li>Getriebe<\/li>\r\n<li>K\u00fchler<\/li>\r\n<li>Anh\u00e4ngerkupplungen<\/li>\r\n<li>Startanlagen<\/li>\r\n<li>Lufttrockneranlagen<\/li>\r\n<li>Retarder<\/li>\r\n<li>Frontscheiben<\/li>\r\n<li>Turbolader<\/li>\r\n<li>Generatoren<\/li>\r\n<li>Fahrerh\u00e4user<\/li>\r\n<li>u.v.m. auf Anfrage<\/li>\r\n<\/ul>\r\n\r\n<\/td>\r\n<\/tr>\r\n\r\n<\/table>\r\n\r\n\r\n<\/div>\r\n<\/div>","protected":false},"excerpt":{"rendered":"<p>SERVICELEISTUNGEN Allgemeine LKW bzw. BUS Reparaturen Garantiearbeiten Gesetzliche \u00dcberpr\u00fcfungen d nach \u00a757a und \u00a724a Interval\u00fcberpr\u00fcfungen Autoglas LKW Inspektionen aller Marken nach Herstellerangaben Bremsendienst \u00d6lservice nach Herstellerangaben Hauptuntersuchungen LKW\/BUS Abgasuntersuchungen LKW\/ BUS Tachopr\u00fcfung analog SP-Pr\u00fcfungen UVV-Pr\u00fcfungen Klimaservice und -instandsetzungen On-Bord-Diagnosen (EOBD) Unfallreparaturen Karosseriearbeiten Lackierarbeiten u.v.m. auf Anfrage REPARATUREN Kupplungen Zylinderkopfdichtungen Druckluftbremsanlagen Hydraulische Bremsanlagen Fahrwerken Starrachsen\/Einzelradaufh\u00e4ngungen Abgasanlagen [&hellip;]<\/p>\n","protected":false},"author":1,"featured_media":0,"parent":0,"menu_order":0,"comment_status":"open","ping_status":"closed","template":"","meta":{"ngg_post_thumbnail":0,"footnotes":""},"class_list":["post-20","page","type-page","status-publish","hentry"],"_links":{"self":[{"href":"https:\/\/www.kramer-nsc.at\/index.php?rest_route=\/wp\/v2\/pages\/20","targetHints":{"allow":["GET"]}}],"collection":[{"href":"https:\/\/www.kramer-nsc.at\/index.php?rest_route=\/wp\/v2\/pages"}],"about":[{"href":"https:\/\/www.kramer-nsc.at\/index.php?rest_route=\/wp\/v2\/types\/page"}],"author":[{"embeddable":true,"href":"https:\/\/www.kramer-nsc.at\/index.php?rest_route=\/wp\/v2\/users\/1"}],"replies":[{"embeddable":true,"href":"https:\/\/www.kramer-nsc.at\/index.php?rest_route=%2Fwp%2Fv2%2Fcomments&post=20"}],"version-history":[{"count":36,"href":"https:\/\/www.kramer-nsc.at\/index.php?rest_route=\/wp\/v2\/pages\/20\/revisions"}],"predecessor-version":[{"id":125,"href":"https:\/\/www.kramer-nsc.at\/index.php?rest_route=\/wp\/v2\/pages\/20\/revisions\/125"}],"wp:attachment":[{"href":"https:\/\/www.kramer-nsc.at\/index.php?rest_route=%2Fwp%2Fv2%2Fmedia&parent=20"}],"curies":[{"name":"wp","href":"https:\/\/api.w.org\/{rel}","templated":true}]}}