{"id":24,"date":"2013-08-21T10:02:03","date_gmt":"2013-08-21T08:02:03","guid":{"rendered":"http:\/\/www.kramer-nsc.at\/cms\/?page_id=24"},"modified":"2015-10-07T09:14:37","modified_gmt":"2015-10-07T07:14:37","slug":"standorte","status":"publish","type":"page","link":"https:\/\/www.kramer-nsc.at\/?page_id=24","title":{"rendered":"STANDORTE"},"content":{"rendered":"<div class=\"Box Service\">\r\n<div class=\"BoxHeader Service\"><span class=\"BoxSpan\">9586 F\u00fcrnitz, K\u00e4rntnerstra\u00dfe 46<\/span><\/div>\r\n<div class=\"BoxContent \">\r\n\r\n<table border=\"0\">\r\n<tr>\r\n<td>\r\n<div class=\"map\">[nav2me id=1]<\/div>\r\n<\/td>\r\n<td><div class=\"maptext\"><span class=\"bold\">Kramer Nutzfahrzeug Service Center GmbH<\/span><br><br>K\u00e4rntnerstra\u00dfe 46<br>A-9586 F\u00fcrnitz<br><br><br>\r\n<span class=\"bold\">Kontakt:<\/span><br>Tel.: +43 (0) 4257 29 0 70<br>Fax.: +43 (0) 4257 29 0 70 35<br>Mobil: +43 (0) 676 84 82 40 600<br><br>E-Mail: <a href=\"mailto:gottfried.kramer@kramer-nsc.at\">gottfried.kramer@kramer-nsc.at<\/a><\/div><\/td>\r\n<\/tr>\r\n<\/table>\r\n<\/div><\/div>\r\n<br>\r\n","protected":false},"excerpt":{"rendered":"<p>9586 F\u00fcrnitz, K\u00e4rntnerstra\u00dfe 46 [nav2me id=1] Kramer Nutzfahrzeug Service Center GmbHK\u00e4rntnerstra\u00dfe 46A-9586 F\u00fcrnitz Kontakt:Tel.: +43 (0) 4257 29 0 70Fax.: +43 (0) 4257 29 0 70 35Mobil: +43 (0) 676 84 82 40 600E-Mail: gottfried.kramer@kramer-nsc.at<\/p>\n","protected":false},"author":1,"featured_media":0,"parent":0,"menu_order":0,"comment_status":"open","ping_status":"closed","template":"","meta":{"ngg_post_thumbnail":0,"footnotes":""},"class_list":["post-24","page","type-page","status-publish","hentry"],"_links":{"self":[{"href":"https:\/\/www.kramer-nsc.at\/index.php?rest_route=\/wp\/v2\/pages\/24","targetHints":{"allow":["GET"]}}],"collection":[{"href":"https:\/\/www.kramer-nsc.at\/index.php?rest_route=\/wp\/v2\/pages"}],"about":[{"href":"https:\/\/www.kramer-nsc.at\/index.php?rest_route=\/wp\/v2\/types\/page"}],"author":[{"embeddable":true,"href":"https:\/\/www.kramer-nsc.at\/index.php?rest_route=\/wp\/v2\/users\/1"}],"replies":[{"embeddable":true,"href":"https:\/\/www.kramer-nsc.at\/index.php?rest_route=%2Fwp%2Fv2%2Fcomments&post=24"}],"version-history":[{"count":25,"href":"https:\/\/www.kramer-nsc.at\/index.php?rest_route=\/wp\/v2\/pages\/24\/revisions"}],"predecessor-version":[{"id":307,"href":"https:\/\/www.kramer-nsc.at\/index.php?rest_route=\/wp\/v2\/pages\/24\/revisions\/307"}],"wp:attachment":[{"href":"https:\/\/www.kramer-nsc.at\/index.php?rest_route=%2Fwp%2Fv2%2Fmedia&parent=24"}],"curies":[{"name":"wp","href":"https:\/\/api.w.org\/{rel}","templated":true}]}}